{"id":356,"date":"2020-05-13T13:24:43","date_gmt":"2020-05-13T13:24:43","guid":{"rendered":"http:\/\/danishhikings.com\/?page_id=356"},"modified":"2020-06-07T18:35:57","modified_gmt":"2020-06-07T18:35:57","slug":"reklamepolitik","status":"publish","type":"page","link":"https:\/\/danishhikings.com\/en\/reklamepolitik\/","title":{"rendered":"Advertising policy"},"content":{"rendered":"<p>Danish Hikings er en personlig blog, hvor vandreture og andre indl\u00e6g vedr\u00f8rende vandring er tilg\u00e6ngelig for interesserede. Alt indhold er produceret af mig og stilles gratis til r\u00e5dighed for alle, der har lyst til at l\u00e6se med.<\/p>\n\n\n\n<p>Bloggen Danish Hikings er en hobby ved siden af mit almindelige arbejde og alle vandreture er gennemf\u00f8rt af mig og n\u00f8je vurderet, inden de bliver offentliggjort. Inspiration til vandreturene kommer b\u00e5de fra egne oplevelser, medier og jer men vigtigst af alt, er der kun vandreture p\u00e5 websitet, som jeg selv vurderer er en s\u00e6rlig oplevelse. Sponsorer kan ikke k\u00f8be sig til god omtale her.<\/p>\n\n\n\n<p>Websitet anvender s\u00e5kaldte reklamelinks, n\u00e5r jeg kan st\u00e5 inde for det.&nbsp; N\u00e5r der er reklamelinks, vil det altid f\u00f8lge dansk lovgivning og v\u00e6re tydeligt angivet.<\/p>\n\n\n\n<h3 class=\"wp-block-heading\"><strong>Hvad er reklamelink<\/strong>s?<\/h3>\n\n\n\n<p>Et reklamelink (ogs\u00e5 kaldet affiliate link) er et link, hvor jeg f\u00e5r en form for kommission fra virksomheden, hvis du klikker p\u00e5 linket og k\u00f8ber deres  produkter.&nbsp;Her vil udelukkende benyttes reklamelinks, som jeg selv kan st\u00e5 inde for og eventuelt benytter. Hvis du benytter de f\u00e5 reklamelinks p\u00e5 websitet, er du med til at d\u00e6kke nogle af de omkostninger, som der er forbundet med Danish Hikings.<\/p>\n\n\n\n<h3 class=\"wp-block-heading\"><strong>Er du interesseret i et samarbejde<\/strong>?<\/h3>\n\n\n\n<p>Her p\u00e5 Danish Hikings skriver jeg om vandreture, som prim\u00e6rt henvender sig til danskere, der vandrer eller skal til at begynde at vandre. Danskere, der enten alene eller sammen med andre har lyst til at opleve naturen uden at skulle bruge tid p\u00e5 at planl\u00e6gge. Den kr\u00e6sne vandrer, der gerne vil have en totaloplevelse ud af sin vandretur men ikke har tid til at klikke rundt p\u00e5 forskellige websites for at sammens\u00e6tte den helt rigtige tur. Eller den omsorgsfulde vandrer, der gerne vil overraske sin bedre halvdel med en vandretur, som bliver et dejligt minde. <\/p>\n\n\n\n<p>Hvis du st\u00e5r bag et firma, der henvender sig til samme m\u00e5lgruppe, s\u00e5 skal vi m\u00e5ske arbejde sammen? <\/p>\n\n\n\n<p>Du er altid velkommen til at kontakte mig p\u00e5&nbsp;<a href=\"mailto:danishhikings@outlook.com\">danishhikings@outlook.com<\/a><\/p>\n\n\n\n<p>Med venlig hilsen Klaus Lind Justesen<\/p>","protected":false},"excerpt":{"rendered":"<p>Danish Hikings er en personlig blog, hvor vandreture og andre indl\u00e6g vedr\u00f8rende vandring er tilg\u00e6ngelig for interesserede. Alt indhold er produceret af mig og stilles gratis til r\u00e5dighed for alle, der har lyst til at l\u00e6se med. Bloggen Danish Hikings er en hobby ved siden af mit almindelige arbejde og alle vandreture er gennemf\u00f8rt af&hellip;<\/p>","protected":false},"author":1,"featured_media":0,"parent":0,"menu_order":0,"comment_status":"closed","ping_status":"closed","template":"","meta":{"footnotes":""},"class_list":["post-356","page","type-page","status-publish","hentry"],"_links":{"self":[{"href":"https:\/\/danishhikings.com\/en\/wp-json\/wp\/v2\/pages\/356","targetHints":{"allow":["GET"]}}],"collection":[{"href":"https:\/\/danishhikings.com\/en\/wp-json\/wp\/v2\/pages"}],"about":[{"href":"https:\/\/danishhikings.com\/en\/wp-json\/wp\/v2\/types\/page"}],"author":[{"embeddable":true,"href":"https:\/\/danishhikings.com\/en\/wp-json\/wp\/v2\/users\/1"}],"replies":[{"embeddable":true,"href":"https:\/\/danishhikings.com\/en\/wp-json\/wp\/v2\/comments?post=356"}],"version-history":[{"count":3,"href":"https:\/\/danishhikings.com\/en\/wp-json\/wp\/v2\/pages\/356\/revisions"}],"predecessor-version":[{"id":1093,"href":"https:\/\/danishhikings.com\/en\/wp-json\/wp\/v2\/pages\/356\/revisions\/1093"}],"wp:attachment":[{"href":"https:\/\/danishhikings.com\/en\/wp-json\/wp\/v2\/media?parent=356"}],"curies":[{"name":"wp","href":"https:\/\/api.w.org\/{rel}","templated":true}]}}